{"id":3590,"date":"2023-10-27T18:34:32","date_gmt":"2023-10-27T18:34:32","guid":{"rendered":"https:\/\/dev.regulus.harlapp.de\/?page_id=3590"},"modified":"2026-04-06T13:07:05","modified_gmt":"2026-04-06T13:07:05","slug":"impressum","status":"publish","type":"page","link":"https:\/\/regulus-waldholz.de\/en\/impressum\/","title":{"rendered":"Imprint"},"content":{"rendered":"<div class=\"brz-root__container brz-reset-all brz brz-root__container-page\">\n<section id=\"d2a051629d86cc739834_mtevfgnlzbeqgylzjjhiiayhpmzywvjwctzb\" class=\"brz-section brz-css-1xboihf brz-css-1paw54e\">\n<div class=\"brz-section__content brz-section--boxed brz-css-gywsaq brz-css-11vqfh\" data-brz-custom-id=\"uqgxukqxspwptrnezqefzzrnkmanephqyxmg\">\n<div class=\"brz-container brz-css-1zqyp9 brz-css-k1pcy7\">\n<div id=\"\" class=\"brz-css-1brir97 brz-css-b6wc86 brz-wrapper\">\n<div class=\"brz-rich-text brz-rich-text__custom brz-css-3lzuyn brz-css-7tudji\" data-brz-custom-id=\"znjoomaddajshcrfgsqchhtabkpbzmuxclyt\">\n<div data-brz-translate-text=\"1\">\n<h1 class=\"brz-lh-lg-1_6 brz-ls-lg-0 brz-fw-lg-400 brz-fss-lg-px brz-fs-lg-16 brz-ft-upload brz-ff-vlrydgomvryeylapbxihpexweubhquwlamdc brz-tp-lg-heading1 brz-css-sdun7\" data-generated-css=\"brz-css-nAg2_\" data-uniq-id=\"lF2Ue\">Imprint<\/h1>\n<h1 class=\"brz-lh-lg-1_6 brz-ls-lg-0 brz-fw-lg-400 brz-fss-lg-px brz-fs-lg-16 brz-ft-upload brz-ff-vlrydgomvryeylapbxihpexweubhquwlamdc brz-tp-lg-heading1 brz-css-lqknN\" data-generated-css=\"brz-css-fbGcp\" data-uniq-id=\"mhGfa\"><\/h1>\n<p class=\"brz-lh-lg-1_6 brz-ls-lg-0 brz-fw-lg-400 brz-fss-lg-px brz-fs-lg-16 brz-ft-upload brz-ff-vlrydgomvryeylapbxihpexweubhquwlamdc brz-tp-lg-paragraph brz-css-aYyvp\" data-generated-css=\"brz-css-pBCfL\" data-uniq-id=\"jbycX\">Angaben gem\u00e4\u00df \u00a7 5 DDG (Digitale-Dienste-Gesetz)<\/p>\n<p class=\"brz-lh-lg-1_6 brz-ls-lg-0 brz-fw-lg-400 brz-fss-lg-px brz-fs-lg-16 brz-ft-upload brz-ff-vlrydgomvryeylapbxihpexweubhquwlamdc brz-tp-lg-paragraph brz-css-fY48r\" data-generated-css=\"brz-css-d1Tek\" data-uniq-id=\"ldw3e\">Universit\u00e4t Freiburg<\/p>\n<p class=\"brz-lh-lg-1_6 brz-ls-lg-0 brz-fw-lg-400 brz-fss-lg-px brz-fs-lg-16 brz-ft-upload brz-ff-vlrydgomvryeylapbxihpexweubhquwlamdc brz-tp-lg-paragraph brz-css-eV8pi\" data-generated-css=\"brz-css-lSocr\" data-uniq-id=\"zlBP3\">Fakult\u00e4t f\u00fcr Umwelt und Nat\u00fcrliche Ressourcen<\/p>\n<p class=\"brz-lh-lg-1_6 brz-ls-lg-0 brz-fw-lg-400 brz-fss-lg-px brz-fs-lg-16 brz-ft-upload brz-ff-vlrydgomvryeylapbxihpexweubhquwlamdc brz-tp-lg-paragraph brz-css-k6bge\" data-generated-css=\"brz-css-atGms\" data-uniq-id=\"yaVC1\">Professur f\u00fcr Forst- und Umweltpolitik<\/p>\n<p class=\"brz-lh-lg-1_6 brz-ls-lg-0 brz-fw-lg-400 brz-fss-lg-px brz-fs-lg-16 brz-ft-upload brz-ff-vlrydgomvryeylapbxihpexweubhquwlamdc brz-tp-lg-paragraph brz-css-xOYyE\" data-generated-css=\"brz-css-gA6mb\" data-uniq-id=\"scuOo\">Tennenbacherstra\u00dfe 4<\/p>\n<p class=\"brz-lh-lg-1_6 brz-ls-lg-0 brz-fw-lg-400 brz-fss-lg-px brz-fs-lg-16 brz-ft-upload brz-ff-vlrydgomvryeylapbxihpexweubhquwlamdc brz-tp-lg-paragraph brz-css-mZjS5\" data-generated-css=\"brz-css-s3Vs3\" data-uniq-id=\"c5uUn\">79106 Freiburg<\/p>\n<p class=\"brz-lh-lg-1_6 brz-ls-lg-0 brz-fw-lg-400 brz-fss-lg-px brz-fs-lg-16 brz-ft-upload brz-ff-vlrydgomvryeylapbxihpexweubhquwlamdc brz-tp-lg-paragraph brz-css-xarP5\" data-generated-css=\"brz-css-xPkGN\" data-uniq-id=\"fzHA3\"><\/p>\n<p class=\"brz-lh-lg-1_6 brz-ls-lg-0 brz-fw-lg-400 brz-fss-lg-px brz-fs-lg-16 brz-ft-upload brz-ff-vlrydgomvryeylapbxihpexweubhquwlamdc brz-tp-lg-paragraph brz-css-pOhj3\" data-generated-css=\"brz-css-w45bn\" data-uniq-id=\"h_taf\"><strong>Vertreten durch:<\/strong><\/p>\n<p class=\"brz-lh-lg-1_6 brz-ls-lg-0 brz-fw-lg-400 brz-fss-lg-px brz-fs-lg-16 brz-ft-upload brz-ff-vlrydgomvryeylapbxihpexweubhquwlamdc brz-tp-lg-paragraph brz-css-zdI4f\" data-generated-css=\"brz-css-szTTH\" data-uniq-id=\"m3NiX\">Andy Selter<\/p>\n<p class=\"brz-lh-lg-1_6 brz-ls-lg-0 brz-fw-lg-400 brz-fss-lg-px brz-fs-lg-16 brz-ft-upload brz-ff-vlrydgomvryeylapbxihpexweubhquwlamdc brz-tp-lg-paragraph brz-css-cFMDk\" data-generated-css=\"brz-css-f0GAZ\" data-uniq-id=\"wpP08\">Contact<\/p>\n<p class=\"brz-lh-lg-1_6 brz-ls-lg-0 brz-fw-lg-400 brz-fss-lg-px brz-fs-lg-16 brz-ft-upload brz-ff-vlrydgomvryeylapbxihpexweubhquwlamdc brz-tp-lg-paragraph brz-css-w5uUv\" data-generated-css=\"brz-css-nN1oW\" data-uniq-id=\"zMaFK\">Telefon: +49 761 203-3716<\/p>\n<p class=\"brz-lh-lg-1_6 brz-ls-lg-0 brz-fw-lg-400 brz-fss-lg-px brz-fs-lg-16 brz-ft-upload brz-ff-vlrydgomvryeylapbxihpexweubhquwlamdc brz-tp-lg-paragraph brz-css-mbJ8M\" data-generated-css=\"brz-css-aiJqj\" data-uniq-id=\"p4QxM\">E-Mail: andy.selter@ifp.uni-freiburg.de<\/p>\n<p class=\"brz-lh-lg-1_6 brz-ls-lg-0 brz-fw-lg-400 brz-fss-lg-px brz-fs-lg-16 brz-ft-upload brz-ff-vlrydgomvryeylapbxihpexweubhquwlamdc brz-tp-lg-paragraph brz-css-nd0_7\" data-generated-css=\"brz-css-u8u6F\" data-uniq-id=\"enzJ3\"><\/p>\n<p class=\"brz-lh-lg-1_6 brz-ls-lg-0 brz-fw-lg-400 brz-fss-lg-px brz-fs-lg-16 brz-ft-upload brz-ff-vlrydgomvryeylapbxihpexweubhquwlamdc brz-tp-lg-paragraph brz-css-edx5g\" data-generated-css=\"brz-css-lD51V\" data-uniq-id=\"i1Cne\"><strong>Haftung f\u00fcr Inhalte<\/strong><\/p>\n<p class=\"brz-lh-lg-1_6 brz-ls-lg-0 brz-fw-lg-400 brz-fss-lg-px brz-fs-lg-16 brz-ft-upload brz-ff-vlrydgomvryeylapbxihpexweubhquwlamdc brz-tp-lg-paragraph brz-css-qyWg7\" data-generated-css=\"brz-css-ln1yt\" data-uniq-id=\"iXQgj\">Als Diensteanbieter sind wir gem\u00e4\u00df \u00a7 7 Abs.1 DDG f\u00fcr eigene Inhalte auf diesen Seiten nach den allgemeinen Gesetzen verantwortlich. Nach \u00a7\u00a7 8 bis 10 DDG sind wir als Diensteanbieter jedoch nicht verpflichtet, \u00fcbermittelte oder gespeicherte fremde Informationen zu \u00fcberwachen oder nach Umst\u00e4nden zu forschen, die auf eine rechtswidrige T\u00e4tigkeit hinweisen. Verpflichtungen zur Entfernung oder Sperrung der Nutzung von Informationen nach den allgemeinen Gesetzen bleiben hiervon unber\u00fchrt. Eine diesbez\u00fcgliche Haftung ist jedoch erst ab dem Zeitpunkt der Kenntnis einer konkreten Rechtsverletzung m\u00f6glich. Bei Bekanntwerden von entsprechenden Rechtsverletzungen werden wir diese Inhalte umgehend entfernen.<\/p>\n<p class=\"brz-lh-lg-1_6 brz-ls-lg-0 brz-fw-lg-400 brz-fss-lg-px brz-fs-lg-16 brz-ft-upload brz-ff-vlrydgomvryeylapbxihpexweubhquwlamdc brz-tp-lg-paragraph brz-css-qHmo_\" data-generated-css=\"brz-css-yIr8s\" data-uniq-id=\"y590y\"><\/p>\n<p class=\"brz-lh-lg-1_6 brz-ls-lg-0 brz-fw-lg-400 brz-fss-lg-px brz-fs-lg-16 brz-ft-upload brz-ff-vlrydgomvryeylapbxihpexweubhquwlamdc brz-tp-lg-paragraph brz-css-lxakt\" data-generated-css=\"brz-css-jIelu\" data-uniq-id=\"bPH3u\"><strong>Haftung f\u00fcr Links<\/strong><\/p>\n<p class=\"brz-lh-lg-1_6 brz-ls-lg-0 brz-fw-lg-400 brz-fss-lg-px brz-fs-lg-16 brz-ft-upload brz-ff-vlrydgomvryeylapbxihpexweubhquwlamdc brz-tp-lg-paragraph brz-css-zo6Sc\" data-generated-css=\"brz-css-fFqrB\" data-uniq-id=\"fU0wq\">Unser Angebot enth\u00e4lt Links zu externen Websites Dritter, auf deren Inhalte wir keinen Einfluss haben. Deshalb k\u00f6nnen wir f\u00fcr diese fremden Inhalte auch keine Gew\u00e4hr \u00fcbernehmen. F\u00fcr die Inhalte der verlinkten Seiten ist stets der jeweilige Anbieter oder Betreiber der Seiten verantwortlich. Die verlinkten Seiten wurden zum Zeitpunkt der Verlinkung auf m\u00f6gliche Rechtsverst\u00f6\u00dfe \u00fcberpr\u00fcft. Rechtswidrige Inhalte waren zum Zeitpunkt der Verlinkung nicht erkennbar. Eine permanente inhaltliche Kontrolle der verlinkten Seiten ist jedoch ohne konkrete Anhaltspunkte einer Rechtsverletzung nicht zumutbar. Bei Bekanntwerden von Rechtsverletzungen werden wir derartige Links umgehend entfernen.<\/p>\n<p class=\"brz-lh-lg-1_6 brz-ls-lg-0 brz-fw-lg-400 brz-fss-lg-px brz-fs-lg-16 brz-ft-upload brz-ff-vlrydgomvryeylapbxihpexweubhquwlamdc brz-tp-lg-paragraph brz-css-zNIla\" data-generated-css=\"brz-css-d7YJG\" data-uniq-id=\"wb05R\"><\/p>\n<p class=\"brz-lh-lg-1_6 brz-ls-lg-0 brz-fw-lg-400 brz-fss-lg-px brz-fs-lg-16 brz-ft-upload brz-ff-vlrydgomvryeylapbxihpexweubhquwlamdc brz-tp-lg-paragraph brz-css-nDEze\" data-generated-css=\"brz-css-lKNbx\" data-uniq-id=\"sjRtN\"><strong>Urheberrecht<\/strong><\/p>\n<p class=\"brz-lh-lg-1_6 brz-ls-lg-0 brz-fw-lg-400 brz-fss-lg-px brz-fs-lg-16 brz-ft-upload brz-ff-vlrydgomvryeylapbxihpexweubhquwlamdc brz-tp-lg-paragraph brz-css-bJJTr\" data-generated-css=\"brz-css-kDkMS\" data-uniq-id=\"sOVau\">Die durch die Seitenbetreiber erstellten Inhalte und Werke auf diesen Seiten unterliegen dem deutschen Urheberrecht. Die Vervielf\u00e4ltigung, Bearbeitung, Verbreitung und jede Art der Verwertung au\u00dferhalb der Grenzen des Urheberrechtes bed\u00fcrfen der schriftlichen Zustimmung des jeweiligen Autors bzw. Erstellers. Downloads und Kopien dieser Seite sind nur f\u00fcr den privaten, nicht kommerziellen Gebrauch gestattet.<\/p>\n<p class=\"brz-lh-lg-1_6 brz-ls-lg-0 brz-fw-lg-400 brz-fss-lg-px brz-fs-lg-16 brz-ft-upload brz-ff-vlrydgomvryeylapbxihpexweubhquwlamdc brz-tp-lg-paragraph brz-css-mEBQL\" data-generated-css=\"brz-css-cK2UW\" data-uniq-id=\"qPPiE\">Soweit die Inhalte auf dieser Seite nicht vom Betreiber erstellt wurden, werden die Urheberrechte Dritter beachtet. Insbesondere werden Inhalte Dritter als solche gekennzeichnet. Sollten Sie trotzdem auf eine Urheberrechtsverletzung aufmerksam werden, bitten wir um einen entsprechenden Hinweis. Bei Bekanntwerden von Rechtsverletzungen werden wir derartige Inhalte umgehend entfernen.<\/p>\n<p class=\"brz-tp-lg-paragraph brz-css-lpS_H\" data-generated-css=\"brz-css-qKhS3\" data-uniq-id=\"mAVJF\"><\/p>\n<\/div>\n<\/div>\n<\/div>\n<\/div>\n<\/div>\n<\/section>\n<\/div>\n<p>    <!-- version:1749730029 --><\/p>","protected":false},"excerpt":{"rendered":"<p>Impressum Angaben gem\u00e4\u00df \u00a7 5 DDG (Digitale-Dienste-Gesetz) Universit\u00e4t Freiburg Fakult\u00e4t f\u00fcr Umwelt und Nat\u00fcrliche Ressourcen Professur f\u00fcr Forst- und Umweltpolitik Tennenbacherstra\u00dfe 4 79106 Freiburg Vertreten durch: Andy Selter Kontakt Telefon: +49 761 203-3716 E-Mail: andy.selter@ifp.uni-freiburg.de Haftung f\u00fcr Inhalte Als Diensteanbieter sind wir gem\u00e4\u00df \u00a7 7 Abs.1 DDG f\u00fcr eigene Inhalte auf diesen Seiten nach den [&hellip;]<\/p>\n","protected":false},"author":2,"featured_media":0,"parent":0,"menu_order":0,"comment_status":"closed","ping_status":"closed","template":"brizy-blank-template.php","meta":{"footnotes":""},"class_list":["post-3590","page","type-page","status-publish","hentry","entry"],"yoast_head":"<!-- This site is optimized with the Yoast SEO plugin v27.4 - https:\/\/yoast.com\/product\/yoast-seo-wordpress\/ -->\n<title>Impressum | REGULUS<\/title>\n<meta name=\"description\" content=\"Impressum der REGULUS-Website\" \/>\n<meta name=\"robots\" content=\"index, follow, max-snippet:-1, max-image-preview:large, max-video-preview:-1\" \/>\n<link rel=\"canonical\" href=\"https:\/\/regulus-waldholz.de\/en\/impressum\/\" \/>\n<meta property=\"og:locale\" content=\"en_GB\" \/>\n<meta property=\"og:type\" content=\"article\" \/>\n<meta property=\"og:title\" content=\"Impressum | REGULUS\" \/>\n<meta property=\"og:description\" content=\"Impressum der REGULUS-Website\" \/>\n<meta property=\"og:url\" content=\"https:\/\/regulus-waldholz.de\/en\/impressum\/\" \/>\n<meta property=\"og:site_name\" content=\"REGULUS\" \/>\n<meta property=\"article:modified_time\" content=\"2026-04-06T13:07:05+00:00\" \/>\n<meta name=\"twitter:card\" content=\"summary_large_image\" \/>\n<meta name=\"twitter:label1\" content=\"Estimated reading time\" \/>\n\t<meta name=\"twitter:data1\" content=\"2 minutes\" \/>\n<script type=\"application\/ld+json\" class=\"yoast-schema-graph\">{\"@context\":\"https:\\\/\\\/schema.org\",\"@graph\":[{\"@type\":\"WebPage\",\"@id\":\"https:\\\/\\\/regulus-waldholz.de\\\/en\\\/impressum\\\/\",\"url\":\"https:\\\/\\\/regulus-waldholz.de\\\/en\\\/impressum\\\/\",\"name\":\"Impressum | REGULUS\",\"isPartOf\":{\"@id\":\"https:\\\/\\\/regulus-waldholz.de\\\/#website\"},\"datePublished\":\"2023-10-27T18:34:32+00:00\",\"dateModified\":\"2026-04-06T13:07:05+00:00\",\"description\":\"Impressum der REGULUS-Website\",\"breadcrumb\":{\"@id\":\"https:\\\/\\\/regulus-waldholz.de\\\/en\\\/impressum\\\/#breadcrumb\"},\"inLanguage\":\"en-GB\",\"potentialAction\":[{\"@type\":\"ReadAction\",\"target\":[\"https:\\\/\\\/regulus-waldholz.de\\\/en\\\/impressum\\\/\"]}]},{\"@type\":\"BreadcrumbList\",\"@id\":\"https:\\\/\\\/regulus-waldholz.de\\\/en\\\/impressum\\\/#breadcrumb\",\"itemListElement\":[{\"@type\":\"ListItem\",\"position\":1,\"name\":\"Startseite\",\"item\":\"https:\\\/\\\/regulus-waldholz.de\\\/\"},{\"@type\":\"ListItem\",\"position\":2,\"name\":\"Impressum\"}]},{\"@type\":\"WebSite\",\"@id\":\"https:\\\/\\\/regulus-waldholz.de\\\/#website\",\"url\":\"https:\\\/\\\/regulus-waldholz.de\\\/\",\"name\":\"REGULUS\",\"description\":\"Offizielle Seite des REGULUS-Projekts\",\"publisher\":{\"@id\":\"https:\\\/\\\/regulus-waldholz.de\\\/#organization\"},\"potentialAction\":[{\"@type\":\"SearchAction\",\"target\":{\"@type\":\"EntryPoint\",\"urlTemplate\":\"https:\\\/\\\/regulus-waldholz.de\\\/?s={search_term_string}\"},\"query-input\":{\"@type\":\"PropertyValueSpecification\",\"valueRequired\":true,\"valueName\":\"search_term_string\"}}],\"inLanguage\":\"en-GB\"},{\"@type\":\"Organization\",\"@id\":\"https:\\\/\\\/regulus-waldholz.de\\\/#organization\",\"name\":\"REGULUS\",\"url\":\"https:\\\/\\\/regulus-waldholz.de\\\/\",\"logo\":{\"@type\":\"ImageObject\",\"inLanguage\":\"en-GB\",\"@id\":\"https:\\\/\\\/regulus-waldholz.de\\\/#\\\/schema\\\/logo\\\/image\\\/\",\"url\":\"\",\"contentUrl\":\"\",\"caption\":\"REGULUS\"},\"image\":{\"@id\":\"https:\\\/\\\/regulus-waldholz.de\\\/#\\\/schema\\\/logo\\\/image\\\/\"}}]}<\/script>\n<!-- \/ Yoast SEO plugin. -->","yoast_head_json":{"title":"Impressum | REGULUS","description":"Impressum der REGULUS-Website","robots":{"index":"index","follow":"follow","max-snippet":"max-snippet:-1","max-image-preview":"max-image-preview:large","max-video-preview":"max-video-preview:-1"},"canonical":"https:\/\/regulus-waldholz.de\/en\/impressum\/","og_locale":"en_GB","og_type":"article","og_title":"Impressum | REGULUS","og_description":"Impressum der REGULUS-Website","og_url":"https:\/\/regulus-waldholz.de\/en\/impressum\/","og_site_name":"REGULUS","article_modified_time":"2026-04-06T13:07:05+00:00","twitter_card":"summary_large_image","twitter_misc":{"Estimated reading time":"2 minutes"},"schema":{"@context":"https:\/\/schema.org","@graph":[{"@type":"WebPage","@id":"https:\/\/regulus-waldholz.de\/en\/impressum\/","url":"https:\/\/regulus-waldholz.de\/en\/impressum\/","name":"Impressum | REGULUS","isPartOf":{"@id":"https:\/\/regulus-waldholz.de\/#website"},"datePublished":"2023-10-27T18:34:32+00:00","dateModified":"2026-04-06T13:07:05+00:00","description":"Impressum der REGULUS-Website","breadcrumb":{"@id":"https:\/\/regulus-waldholz.de\/en\/impressum\/#breadcrumb"},"inLanguage":"en-GB","potentialAction":[{"@type":"ReadAction","target":["https:\/\/regulus-waldholz.de\/en\/impressum\/"]}]},{"@type":"BreadcrumbList","@id":"https:\/\/regulus-waldholz.de\/en\/impressum\/#breadcrumb","itemListElement":[{"@type":"ListItem","position":1,"name":"Startseite","item":"https:\/\/regulus-waldholz.de\/"},{"@type":"ListItem","position":2,"name":"Impressum"}]},{"@type":"WebSite","@id":"https:\/\/regulus-waldholz.de\/#website","url":"https:\/\/regulus-waldholz.de\/","name":"REGULUS","description":"Offizielle Seite des REGULUS-Projekts","publisher":{"@id":"https:\/\/regulus-waldholz.de\/#organization"},"potentialAction":[{"@type":"SearchAction","target":{"@type":"EntryPoint","urlTemplate":"https:\/\/regulus-waldholz.de\/?s={search_term_string}"},"query-input":{"@type":"PropertyValueSpecification","valueRequired":true,"valueName":"search_term_string"}}],"inLanguage":"en-GB"},{"@type":"Organization","@id":"https:\/\/regulus-waldholz.de\/#organization","name":"REGULUS","url":"https:\/\/regulus-waldholz.de\/","logo":{"@type":"ImageObject","inLanguage":"en-GB","@id":"https:\/\/regulus-waldholz.de\/#\/schema\/logo\/image\/","url":"","contentUrl":"","caption":"REGULUS"},"image":{"@id":"https:\/\/regulus-waldholz.de\/#\/schema\/logo\/image\/"}}]}},"brizy_media":[],"_links":{"self":[{"href":"https:\/\/regulus-waldholz.de\/en\/wp-json\/wp\/v2\/pages\/3590","targetHints":{"allow":["GET"]}}],"collection":[{"href":"https:\/\/regulus-waldholz.de\/en\/wp-json\/wp\/v2\/pages"}],"about":[{"href":"https:\/\/regulus-waldholz.de\/en\/wp-json\/wp\/v2\/types\/page"}],"author":[{"embeddable":true,"href":"https:\/\/regulus-waldholz.de\/en\/wp-json\/wp\/v2\/users\/2"}],"replies":[{"embeddable":true,"href":"https:\/\/regulus-waldholz.de\/en\/wp-json\/wp\/v2\/comments?post=3590"}],"version-history":[{"count":3,"href":"https:\/\/regulus-waldholz.de\/en\/wp-json\/wp\/v2\/pages\/3590\/revisions"}],"predecessor-version":[{"id":28198,"href":"https:\/\/regulus-waldholz.de\/en\/wp-json\/wp\/v2\/pages\/3590\/revisions\/28198"}],"wp:attachment":[{"href":"https:\/\/regulus-waldholz.de\/en\/wp-json\/wp\/v2\/media?parent=3590"}],"curies":[{"name":"wp","href":"https:\/\/api.w.org\/{rel}","templated":true}]}}