{"id":3592,"date":"2023-10-27T18:34:42","date_gmt":"2023-10-27T18:34:42","guid":{"rendered":"https:\/\/dev.regulus.harlapp.de\/?page_id=3592"},"modified":"2026-04-06T19:20:56","modified_gmt":"2026-04-06T19:20:56","slug":"datenschutz","status":"publish","type":"page","link":"https:\/\/regulus-waldholz.de\/en\/datenschutz\/","title":{"rendered":"Privacy Policy"},"content":{"rendered":"<div class=\"brz-root__container brz-reset-all brz brz-root__container-page\">\n<section id=\"_ycgunmjounniizstvmkpubxyzijedtfzqgvy\" class=\"brz-section brz-css-164ya6b\">\n<div class=\"brz-section__content brz-section--boxed brz-css-186sqen\" data-brz-custom-id=\"hofbbbigwwuxjenfgyumaoyluaapkwwefxmz\">\n<div class=\"brz-container brz-css-1qg5nr6\">\n<div id=\"\" class=\"brz-css-1qnf4x5 brz-wrapper\">\n<div class=\"brz-rich-text brz-rich-text__custom brz-css-1rkozx3\" data-brz-custom-id=\"dymlmrdhkfazawiemejwdjfobppklkwxjeft\">\n<div data-brz-translate-text=\"1\">\n<h1 class=\"brz-tp-lg-heading1 brz-lh-lg-1_6 brz-ls-lg-0 brz-fw-lg-400 brz-fss-lg-px brz-fs-lg-16 brz-ft-upload brz-ff-vlrydgomvryeylapbxihpexweubhquwlamdc brz-css-exf2W\" data-generated-css=\"brz-css-evkck\" data-uniq-id=\"eydau\"><span class=\"brz-cp-color2\">Privacy Policy<\/span><\/h1>\n<\/div>\n<\/div>\n<\/div>\n<div id=\"\" class=\"brz-css-1qnf4x5 brz-wrapper\">\n<div class=\"brz-rich-text brz-rich-text__custom brz-css-1rkozx3\" data-brz-custom-id=\"bWXbsXddoYtg\">\n<div data-brz-translate-text=\"1\">\n<p data-uniq-id=\"osjL8\" data-generated-css=\"brz-css-cDDuw\" class=\"brz-tp-lg-paragraph brz-css-w8xEM\"><strong>Allgemeine Hinweise<\/strong><\/p>\n<p data-uniq-id=\"t2von\" data-generated-css=\"brz-css-hhvUR\" class=\"brz-tp-lg-paragraph brz-css-fcSTB\">Die folgenden Hinweise geben einen einfachen \u00dcberblick dar\u00fcber, was mit Ihren personenbezogenen Daten passiert, wenn Sie diese Website besuchen. Personenbezogene Daten sind alle Daten, mit denen Sie pers\u00f6nlich identifiziert werden k\u00f6nnen. Ausf\u00fchrliche Informationen zum Thema Datenschutz entnehmen Sie unserer unter diesem Text aufgef\u00fchrten Datenschutzerkl\u00e4rung.<\/p>\n<p data-uniq-id=\"vsWSp\" data-generated-css=\"brz-css-kBAiL\" class=\"brz-tp-lg-paragraph brz-css-daUTQ\">&nbsp;<\/p>\n<p data-uniq-id=\"vaH5l\" data-generated-css=\"brz-css-k3ft4\" class=\"brz-tp-lg-paragraph brz-css-o6wSR\"><strong>Datenerfassung auf dieser Website<\/strong><\/p>\n<p data-uniq-id=\"m1QoY\" data-generated-css=\"brz-css-uY7FP\" class=\"brz-tp-lg-paragraph brz-css-l4Pf7\"><span>Wer ist verantwortlich f\u00fcr die Datenerfassung auf dieser Website?<\/span><\/p>\n<p data-uniq-id=\"eKpQU\" data-generated-css=\"brz-css-aUcDi\" class=\"brz-tp-lg-paragraph brz-css-h2JEu\">Die Datenverarbeitung auf dieser Website erfolgt durch den Websitebetreiber. Dessen Kontaktdaten k\u00f6nnen Sie dem Abschnitt \u201eHinweis zur Verantwortlichen Stelle\u201c in dieser Datenschutzerkl\u00e4rung entnehmen.<\/p>\n<p data-uniq-id=\"vRrCv\" data-generated-css=\"brz-css-h1dtW\" class=\"brz-tp-lg-paragraph brz-css-jtJ3E\">&nbsp;<\/p>\n<p data-uniq-id=\"hl0_w\" data-generated-css=\"brz-css-fqHjc\" class=\"brz-tp-lg-paragraph brz-css-eVnSg\"><strong>Wie erfassen wir Ihre Daten?<\/strong><\/p>\n<p data-uniq-id=\"eAv4c\" data-generated-css=\"brz-css-xWhV4\" class=\"brz-tp-lg-paragraph brz-css-uV6OP\">Ihre Daten werden zum einen dadurch erhoben, dass Sie uns diese mitteilen. Hierbei kann es sich z.&nbsp;B. um Daten handeln, die Sie in ein Kontaktformular eingeben.<\/p>\n<p data-uniq-id=\"ztJm9\" data-generated-css=\"brz-css-tvmOu\" class=\"brz-tp-lg-paragraph brz-css-hrYJk\">Andere Daten werden automatisch oder nach Ihrer Einwilligung beim Besuch der Website durch unsere IT-Systeme erfasst. Das sind vor allem technische Daten (z.&nbsp;B. Internetbrowser, Betriebssystem oder Uhrzeit des Seitenaufrufs). Die Erfassung dieser Daten erfolgt automatisch, sobald Sie diese Website betreten.<\/p>\n<p data-uniq-id=\"dGDhK\" data-generated-css=\"brz-css-s8Sg2\" class=\"brz-tp-lg-paragraph brz-css-luOQG\">&nbsp;<\/p>\n<p data-uniq-id=\"m8WQo\" data-generated-css=\"brz-css-uJlZ4\" class=\"brz-tp-lg-paragraph brz-css-hrA0r\"><strong>Wof\u00fcr nutzen wir Ihre Daten?<\/strong><\/p>\n<p data-uniq-id=\"eG_IQ\" data-generated-css=\"brz-css-aWjHN\" class=\"brz-tp-lg-paragraph brz-css-qEvB_\">Ein Teil der Daten wird erhoben, um eine fehlerfreie Bereitstellung der Website zu gew\u00e4hrleisten. Andere Daten k\u00f6nnen zur Analyse Ihres Nutzerverhaltens verwendet werden.<\/p>\n<p data-uniq-id=\"dNN2R\" data-generated-css=\"brz-css-tRjnE\" class=\"brz-tp-lg-paragraph brz-css-xCffU\">&nbsp;<\/p>\n<p data-uniq-id=\"xcRC_\" data-generated-css=\"brz-css-tZ37c\" class=\"brz-tp-lg-paragraph brz-css-rWB7T\"><strong>Welche Rechte haben Sie bez\u00fcglich Ihrer Daten?<\/strong><\/p>\n<p data-uniq-id=\"rtjcM\" data-generated-css=\"brz-css-sPhKP\" class=\"brz-tp-lg-paragraph brz-css-aqbh0\">Sie haben jederzeit das Recht, unentgeltlich Auskunft \u00fcber Herkunft, Empf\u00e4nger und Zweck Ihrer gespeicherten personenbezogenen Daten zu erhalten. Sie haben au\u00dferdem ein Recht, die Berichtigung oder L\u00f6schung dieser Daten zu verlangen. Wenn Sie eine Einwilligung zur Datenverarbeitung erteilt haben, k\u00f6nnen Sie diese Einwilligung jederzeit f\u00fcr die Zukunft widerrufen. Au\u00dferdem haben Sie das Recht, unter bestimmten Umst\u00e4nden die Einschr\u00e4nkung der Verarbeitung Ihrer personenbezogenen Daten zu verlangen. Des Weiteren steht Ihnen ein Beschwerderecht bei der zust\u00e4ndigen Aufsichtsbeh\u00f6rde zu. Hierzu sowie zu weiteren Fragen zum Thema Datenschutz k\u00f6nnen Sie sich jederzeit an uns wenden.<\/p>\n<p data-uniq-id=\"dDXCp\" data-generated-css=\"brz-css-al1Gp\" class=\"brz-tp-lg-paragraph brz-css-yuE2s\">&nbsp;<\/p>\n<p data-uniq-id=\"vT9hU\" data-generated-css=\"brz-css-aaGGK\" class=\"brz-tp-lg-paragraph brz-css-y1JNb\"><strong>Hosting und Content Delivery Networks (CDN)<\/strong><\/p>\n<p data-uniq-id=\"pI4gu\" data-generated-css=\"brz-css-l0Z6b\" class=\"brz-tp-lg-paragraph brz-css-xzWxB\"><strong>Externes Hosting<\/strong><\/p>\n<p data-uniq-id=\"zQipl\" data-generated-css=\"brz-css-x4Mhn\" class=\"brz-tp-lg-paragraph brz-css-w4ceM\">Diese Website wird bei einem externen Dienstleister gehostet (Hoster). Die personenbezogenen Daten, die auf dieser Website erfasst werden, werden auf den Servern des Hosters gespeichert. Hierbei kann es sich v. a. um IP-Adressen, Kontaktanfragen, Meta- und Kommunikationsdaten, Vertragsdaten, Kontaktdaten, Namen, Websitezugriffe und sonstige Daten, die \u00fcber eine Website generiert werden, handeln.<\/p>\n<p data-uniq-id=\"jNL8X\" data-generated-css=\"brz-css-e6joB\" class=\"brz-tp-lg-paragraph brz-css-mRi78\">Der Einsatz des Hosters erfolgt zum Zwecke der Vertragserf\u00fcllung gegen\u00fcber unseren potenziellen und bestehenden Kunden (Art. 6 Abs. 1 lit. b DSGVO) und im Interesse einer sicheren, schnellen und effizienten Bereitstellung unseres Online-Angebots durch einen professionellen Anbieter (Art. 6 Abs. 1 lit. f DSGVO).<\/p>\n<p data-uniq-id=\"jwHfe\" data-generated-css=\"brz-css-dRRsW\" class=\"brz-tp-lg-paragraph brz-css-nYDwh\">Unser Hoster wird Ihre Daten nur insoweit verarbeiten, wie dies zur Erf\u00fcllung seiner Leistungspflichten erforderlich ist und unsere Weisungen in Bezug auf diese Daten befolgen.<\/p>\n<p data-uniq-id=\"fx8R7\" data-generated-css=\"brz-css-cviTs\" class=\"brz-tp-lg-paragraph brz-css-w_9jD\"><\/p>\n<p data-uniq-id=\"boAaZ\" data-generated-css=\"brz-css-vSj4g\" class=\"brz-tp-lg-paragraph brz-css-kZvtw\">Wir setzen folgenden Hoster ein:<\/p>\n<p data-uniq-id=\"nooCF\" data-generated-css=\"brz-css-i_04d\" class=\"brz-tp-lg-paragraph brz-css-x6Cak\"><\/p>\n<p data-uniq-id=\"l69cA\" data-generated-css=\"brz-css-uK0RR\" class=\"brz-tp-lg-paragraph brz-css-dleVp\">IONOS SE<\/p>\n<p data-uniq-id=\"dFSkR\" data-generated-css=\"brz-css-hcdjq\" class=\"brz-tp-lg-paragraph brz-css-l9s9_\">Elgendorfer Str. 57<\/p>\n<p data-uniq-id=\"pyJ2U\" data-generated-css=\"brz-css-hMj7f\" class=\"brz-tp-lg-paragraph brz-css-zcnlL\">56410 Montabaur, Germany<\/p>\n<p data-uniq-id=\"umYmZ\" data-generated-css=\"brz-css-kId7q\" class=\"brz-tp-lg-paragraph brz-css-s5Q9m\"><\/p>\n<p data-uniq-id=\"yMT5Z\" data-generated-css=\"brz-css-hZotT\" class=\"brz-tp-lg-paragraph brz-css-nBn2Q\"><span>Abschluss eines Vertrages \u00fcber Auftragsverarbeitung<\/span><\/p>\n<p data-uniq-id=\"zdEAN\" data-generated-css=\"brz-css-tBX1N\" class=\"brz-tp-lg-paragraph brz-css-aeozB\">Um die datenschutzkonforme Verarbeitung zu gew\u00e4hrleisten, haben wir einen Vertrag \u00fcber Auftragsverarbeitung mit unserem Hoster geschlossen.<\/p>\n<p data-uniq-id=\"qqG5P\" data-generated-css=\"brz-css-yfpLM\" class=\"brz-tp-lg-paragraph brz-css-tW_Vd\"><\/p>\n<p data-uniq-id=\"wfmjy\" data-generated-css=\"brz-css-pULHM\" class=\"brz-tp-lg-paragraph brz-css-hJ9Tm\"><strong>Allgemeine Hinweise und Pflicht\u00adinformationen<\/strong><\/p>\n<p data-uniq-id=\"tyGLV\" data-generated-css=\"brz-css-ggfFr\" class=\"brz-tp-lg-paragraph brz-css-x2b2R\"><strong>Privacy Policy<\/strong><\/p>\n<p data-uniq-id=\"cnUiV\" data-generated-css=\"brz-css-w_jXf\" class=\"brz-tp-lg-paragraph brz-css-uoSYK\">Die Betreiber dieser Seiten nehmen den Schutz Ihrer pers\u00f6nlichen Daten sehr ernst. Wir behandeln Ihre personenbezogenen Daten vertraulich und entsprechend der gesetzlichen Datenschutzvorschriften sowie dieser Datenschutzerkl\u00e4rung.<\/p>\n<p data-uniq-id=\"nSRw1\" data-generated-css=\"brz-css-cO4GI\" class=\"brz-tp-lg-paragraph brz-css-ytLA2\">Wenn Sie diese Website benutzen, werden verschiedene personenbezogene Daten erhoben. Personenbezogene Daten sind Daten, mit denen Sie pers\u00f6nlich identifiziert werden k\u00f6nnen. Die vorliegende Datenschutzerkl\u00e4rung erl\u00e4utert, welche Daten wir erheben und wof\u00fcr wir sie nutzen. Sie erl\u00e4utert auch, wie und zu welchem Zweck das geschieht.<\/p>\n<p data-uniq-id=\"geEXn\" data-generated-css=\"brz-css-eOLuj\" class=\"brz-tp-lg-paragraph brz-css-dvYBr\">Wir weisen darauf hin, dass die Daten\u00fcbertragung im Internet (z.&nbsp;B. bei der Kommunikation per E-Mail) Sicherheitsl\u00fccken aufweisen kann. Ein l\u00fcckenloser Schutz der Daten vor dem Zugriff durch Dritte ist nicht m\u00f6glich.<\/p>\n<p data-uniq-id=\"j3FLN\" data-generated-css=\"brz-css-bLF3y\" class=\"brz-tp-lg-paragraph brz-css-cIac5\"><\/p>\n<p data-uniq-id=\"xYo9Z\" data-generated-css=\"brz-css-uE4iy\" class=\"brz-tp-lg-paragraph brz-css-yX3Wv\"><strong>Hinweis zur verantwortlichen Stelle<\/strong><\/p>\n<p data-uniq-id=\"tT9fb\" data-generated-css=\"brz-css-eL_zc\" class=\"brz-tp-lg-paragraph brz-css-e0rQ9\">Die verantwortliche Stelle f\u00fcr die Datenverarbeitung auf dieser Website ist:<\/p>\n<p data-uniq-id=\"f2KZt\" data-generated-css=\"brz-css-rMp0n\" class=\"brz-tp-lg-paragraph brz-css-qh_AQ\"><\/p>\n<p data-uniq-id=\"tQR0M\" data-generated-css=\"brz-css-oaGcA\" class=\"brz-tp-lg-paragraph brz-css-cldH8\">Universit\u00e4t Freiburg<\/p>\n<p data-uniq-id=\"aHG5L\" data-generated-css=\"brz-css-r8pQb\" class=\"brz-tp-lg-paragraph brz-css-vcco8\">Fakult\u00e4t f\u00fcr Umwelt- und Nat\u00fcrliche Ressourcen<\/p>\n<p data-uniq-id=\"ngAnJ\" data-generated-css=\"brz-css-hFz3w\" class=\"brz-tp-lg-paragraph brz-css-q72ss\">Professur f\u00fcr Forst- und Umweltpolitik<\/p>\n<p data-uniq-id=\"akTsc\" data-generated-css=\"brz-css-wtLVX\" class=\"brz-tp-lg-paragraph brz-css-ysI1Y\">Tennenbacher Str. 4<\/p>\n<p data-uniq-id=\"vHQ53\" data-generated-css=\"brz-css-cKg1_\" class=\"brz-tp-lg-paragraph brz-css-rvrQS\">79106 Freiburg<\/p>\n<p data-uniq-id=\"qQesD\" data-generated-css=\"brz-css-zet7b\" class=\"brz-tp-lg-paragraph brz-css-r9lO8\">Telefon: +49 761 203-3716<\/p>\n<p data-uniq-id=\"cpcjq\" data-generated-css=\"brz-css-sab4a\" class=\"brz-tp-lg-paragraph brz-css-hWOG1\">E-Mail: <span>andy.selter@ifp.uni-freiburg.de<\/span><\/p>\n<p data-uniq-id=\"mopGQ\" data-generated-css=\"brz-css-bdn5M\" class=\"brz-tp-lg-paragraph brz-css-prv6F\"><\/p>\n<p data-uniq-id=\"pYIT5\" data-generated-css=\"brz-css-hakua\" class=\"brz-tp-lg-paragraph brz-css-h2lA7\">Verantwortliche Stelle ist die nat\u00fcrliche oder juristische Person, die allein oder gemeinsam mit anderen \u00fcber die Zwecke und Mittel der Verarbeitung von personenbezogenen Daten (z.&nbsp;B. Namen, E-Mail-Adressen o. \u00c4.) entscheidet.<\/p>\n<p data-uniq-id=\"m9aV1\" data-generated-css=\"brz-css-d00NP\" class=\"brz-tp-lg-paragraph brz-css-rSgE3\">&nbsp;<\/p>\n<p data-uniq-id=\"ikavS\" data-generated-css=\"brz-css-w09Xz\" class=\"brz-tp-lg-paragraph brz-css-r4OMb\"><strong>Speicherdauer<\/strong><\/p>\n<p data-uniq-id=\"mrdm4\" data-generated-css=\"brz-css-r60e5\" class=\"brz-tp-lg-paragraph brz-css-dVG5A\">Soweit innerhalb dieser Datenschutzerkl\u00e4rung keine speziellere Speicherdauer genannt wurde, verbleiben Ihre personenbezogenen Daten bei uns, bis der Zweck f\u00fcr die Datenverarbeitung entf\u00e4llt. Wenn Sie ein berechtigtes L\u00f6schersuchen geltend machen oder eine Einwilligung zur Datenverarbeitung widerrufen, werden Ihre Daten gel\u00f6scht, sofern wir keine anderen rechtlich zul\u00e4ssigen&nbsp;Gr\u00fcnde f\u00fcr die Speicherung Ihrer personenbezogenen Daten haben (z.B. steuer- oder handelsrechtliche Aufbewahrungsfristen); im letztgenannten Fall erfolgt die L\u00f6schung nach Fortfall dieser Gr\u00fcnde.<\/p>\n<p data-uniq-id=\"yctnN\" data-generated-css=\"brz-css-jqtJi\" class=\"brz-tp-lg-paragraph brz-css-kVtTZ\"><\/p>\n<p data-uniq-id=\"tYP2v\" data-generated-css=\"brz-css-rWrmf\" class=\"brz-tp-lg-paragraph brz-css-msWOb\"><strong>SSL- bzw. TLS-Verschl\u00fcsselung<\/strong><\/p>\n<p data-uniq-id=\"t8tPm\" data-generated-css=\"brz-css-uKOzR\" class=\"brz-tp-lg-paragraph brz-css-tSeir\">Diese Seite nutzt aus Sicherheitsgr\u00fcnden und zum Schutz der \u00dcbertragung vertraulicher Inhalte, wie zum Beispiel Bestellungen oder Anfragen, die Sie an uns als Seitenbetreiber senden, eine SSL- bzw. TLS-Verschl\u00fcsselung. Eine verschl\u00fcsselte Verbindung erkennen Sie daran, dass die Adresszeile des Browsers von \u201ehttp:\/\/\u201c auf \u201ehttps:\/\/\u201c wechselt und an dem Schloss-Symbol in Ihrer Browserzeile.<\/p>\n<p data-uniq-id=\"p460d\" data-generated-css=\"brz-css-i8REM\" class=\"brz-tp-lg-paragraph brz-css-mowj0\">Wenn die SSL- bzw. TLS-Verschl\u00fcsselung aktiviert ist, k\u00f6nnen die Daten, die Sie an uns \u00fcbermitteln, nicht von Dritten mitgelesen werden.<\/p>\n<p data-uniq-id=\"et_EF\" data-generated-css=\"brz-css-atj58\" class=\"brz-tp-lg-paragraph brz-css-jWie9\"><\/p>\n<p data-uniq-id=\"arT4Y\" data-generated-css=\"brz-css-oGTIi\" class=\"brz-tp-lg-paragraph brz-css-wd2VI\"><strong>Server-Log-Dateien<\/strong><\/p>\n<p data-uniq-id=\"mXrpV\" data-generated-css=\"brz-css-rU3r9\" class=\"brz-tp-lg-paragraph brz-css-leJWq\">Der Provider der Seiten erhebt und speichert automatisch Informationen in so genannten Server-Log-Dateien, die Ihr Browser automatisch an uns \u00fcbermittelt. Dies sind:<\/p>\n<p data-uniq-id=\"cplot\" data-generated-css=\"brz-css-xpicz\" class=\"brz-tp-lg-paragraph brz-css-lpy7b\">\u00b7&nbsp;Browsertyp und Browserversion<\/p>\n<p data-uniq-id=\"rnKoz\" data-generated-css=\"brz-css-kNMEy\" class=\"brz-tp-lg-paragraph brz-css-hL9oj\">\u00b7&nbsp;verwendetes Betriebssystem<\/p>\n<p data-uniq-id=\"yQ2Hg\" data-generated-css=\"brz-css-hbxGz\" class=\"brz-tp-lg-paragraph brz-css-yh1Xq\">\u00b7&nbsp;Referrer URL<\/p>\n<p data-uniq-id=\"hQlZN\" data-generated-css=\"brz-css-v4WWP\" class=\"brz-tp-lg-paragraph brz-css-ikfz8\">\u00b7&nbsp;Hostname des zugreifenden Rechners<\/p>\n<p data-uniq-id=\"j_Y0s\" data-generated-css=\"brz-css-hC9Fu\" class=\"brz-tp-lg-paragraph brz-css-zj23T\">\u00b7&nbsp;Uhrzeit der Serveranfrage<\/p>\n<p data-uniq-id=\"wlGAj\" data-generated-css=\"brz-css-oUsFB\" class=\"brz-tp-lg-paragraph brz-css-d0KsY\">\u00b7&nbsp;IP-Adresse<\/p>\n<p data-uniq-id=\"hrrdm\" data-generated-css=\"brz-css-k0OF5\" class=\"brz-tp-lg-paragraph brz-css-tnX1H\">Eine Zusammenf\u00fchrung dieser Daten mit anderen Datenquellen wird nicht vorgenommen.<\/p>\n<p data-uniq-id=\"st8ju\" data-generated-css=\"brz-css-dO3yc\" class=\"brz-tp-lg-paragraph brz-css-mdgmJ\">Die Erfassung dieser Daten erfolgt auf Grundlage von Art. 6 Abs. 1 lit. f DSGVO. Der Websitebetreiber hat ein berechtigtes Interesse an der technisch fehlerfreien Darstellung und der Optimierung seiner Website \u2013 hierzu m\u00fcssen die Server-Log-Files erfasst werden.<\/p>\n<p data-uniq-id=\"cHxop\" data-generated-css=\"brz-css-vDGkZ\" class=\"brz-tp-lg-paragraph brz-css-uck5i\"><\/p>\n<p data-uniq-id=\"pH9fI\" data-generated-css=\"brz-css-bOC_H\" class=\"brz-tp-lg-paragraph brz-css-hHzGq\"><strong>Anfrage per E-Mail, Telefon oder Telefax<\/strong><\/p>\n<p data-uniq-id=\"keb2C\" data-generated-css=\"brz-css-jS8rt\" class=\"brz-tp-lg-paragraph brz-css-xi6_8\">Wenn Sie uns per E-Mail, Telefon oder Telefax kontaktieren, wird Ihre Anfrage inklusive aller daraus hervorgehenden personenbezogenen Daten (Name, Anfrage) zum Zwecke der Bearbeitung Ihres Anliegens bei uns gespeichert und verarbeitet. Diese Daten geben wir nicht ohne Ihre Einwilligung weiter.<\/p>\n<p data-uniq-id=\"tZj_3\" data-generated-css=\"brz-css-vZr4R\" class=\"brz-tp-lg-paragraph brz-css-njmIz\">Die Verarbeitung dieser Daten erfolgt auf Grundlage von Art. 6 Abs. 1 lit. b DSGVO, sofern Ihre Anfrage mit der Erf\u00fcllung eines Vertrags zusammenh\u00e4ngt oder zur Durchf\u00fchrung vorvertraglicher Ma\u00dfnahmen erforderlich ist. In allen \u00fcbrigen F\u00e4llen beruht die Verarbeitung auf unserem berechtigten Interesse an der effektiven Bearbeitung der an uns gerichteten Anfragen (Art. 6 Abs. 1 lit. f DSGVO) oder auf Ihrer Einwilligung (Art. 6 Abs. 1 lit. a DSGVO) sofern diese abgefragt wurde.<\/p>\n<p data-uniq-id=\"drfB8\" data-generated-css=\"brz-css-xgCp8\" class=\"brz-tp-lg-paragraph brz-css-neEZh\">Die von Ihnen an uns per Kontaktanfragen \u00fcbersandten Daten verbleiben bei uns, bis Sie uns zur L\u00f6schung auffordern, Ihre Einwilligung zur Speicherung widerrufen oder der Zweck f\u00fcr die Datenspeicherung entf\u00e4llt (z.&nbsp;B. nach abgeschlossener Bearbeitung Ihres Anliegens). Zwingende gesetzliche Bestimmungen \u2013 insbesondere gesetzliche Aufbewahrungsfristen \u2013 bleiben unber\u00fchrt.<\/p>\n<p data-uniq-id=\"saU5S\" data-generated-css=\"brz-css-omzw8\" class=\"brz-tp-lg-paragraph brz-css-oR2d0\">&nbsp;<\/p>\n<\/div>\n<\/div>\n<\/div>\n<\/div>\n<\/div>\n<\/section>\n<\/div>\n<p>    <!-- version:1737001888 --><\/p>","protected":false},"excerpt":{"rendered":"<p>Datenschutz Allgemeine Hinweise Die folgenden Hinweise geben einen einfachen \u00dcberblick dar\u00fcber, was mit Ihren personenbezogenen Daten passiert, wenn Sie diese Website besuchen. Personenbezogene Daten sind alle Daten, mit denen Sie pers\u00f6nlich identifiziert werden k\u00f6nnen. Ausf\u00fchrliche Informationen zum Thema Datenschutz entnehmen Sie unserer unter diesem Text aufgef\u00fchrten Datenschutzerkl\u00e4rung. &nbsp; Datenerfassung auf dieser Website Wer ist verantwortlich [&hellip;]<\/p>\n","protected":false},"author":2,"featured_media":0,"parent":0,"menu_order":0,"comment_status":"closed","ping_status":"closed","template":"brizy-blank-template.php","meta":{"footnotes":""},"class_list":["post-3592","page","type-page","status-publish","hentry","entry"],"yoast_head":"<!-- This site is optimized with the Yoast SEO plugin v27.5 - https:\/\/yoast.com\/product\/yoast-seo-wordpress\/ -->\n<title>Datenschutz | REGULUS<\/title>\n<meta name=\"description\" content=\"Datenschutzinformationen der REGULUS-Website\" \/>\n<meta name=\"robots\" content=\"index, follow, max-snippet:-1, max-image-preview:large, max-video-preview:-1\" \/>\n<link rel=\"canonical\" href=\"https:\/\/regulus-waldholz.de\/en\/datenschutz\/\" \/>\n<meta property=\"og:locale\" content=\"en_GB\" \/>\n<meta property=\"og:type\" content=\"article\" \/>\n<meta property=\"og:title\" content=\"Datenschutz | REGULUS\" \/>\n<meta property=\"og:description\" content=\"Datenschutzinformationen der REGULUS-Website\" \/>\n<meta property=\"og:url\" content=\"https:\/\/regulus-waldholz.de\/en\/datenschutz\/\" \/>\n<meta property=\"og:site_name\" content=\"REGULUS\" \/>\n<meta property=\"article:modified_time\" content=\"2026-04-06T19:20:56+00:00\" \/>\n<meta name=\"twitter:card\" content=\"summary_large_image\" \/>\n<meta name=\"twitter:label1\" content=\"Estimated reading time\" \/>\n\t<meta name=\"twitter:data1\" content=\"6 minutes\" \/>\n<script type=\"application\/ld+json\" class=\"yoast-schema-graph\">{\"@context\":\"https:\\\/\\\/schema.org\",\"@graph\":[{\"@type\":\"WebPage\",\"@id\":\"https:\\\/\\\/regulus-waldholz.de\\\/datenschutz\\\/\",\"url\":\"https:\\\/\\\/regulus-waldholz.de\\\/datenschutz\\\/\",\"name\":\"Datenschutz | REGULUS\",\"isPartOf\":{\"@id\":\"https:\\\/\\\/regulus-waldholz.de\\\/#website\"},\"datePublished\":\"2023-10-27T18:34:42+00:00\",\"dateModified\":\"2026-04-06T19:20:56+00:00\",\"description\":\"Datenschutzinformationen der REGULUS-Website\",\"breadcrumb\":{\"@id\":\"https:\\\/\\\/regulus-waldholz.de\\\/datenschutz\\\/#breadcrumb\"},\"inLanguage\":\"en-GB\",\"potentialAction\":[{\"@type\":\"ReadAction\",\"target\":[\"https:\\\/\\\/regulus-waldholz.de\\\/datenschutz\\\/\"]}]},{\"@type\":\"BreadcrumbList\",\"@id\":\"https:\\\/\\\/regulus-waldholz.de\\\/datenschutz\\\/#breadcrumb\",\"itemListElement\":[{\"@type\":\"ListItem\",\"position\":1,\"name\":\"Startseite\",\"item\":\"https:\\\/\\\/regulus-waldholz.de\\\/\"},{\"@type\":\"ListItem\",\"position\":2,\"name\":\"Datenschutz\"}]},{\"@type\":\"WebSite\",\"@id\":\"https:\\\/\\\/regulus-waldholz.de\\\/#website\",\"url\":\"https:\\\/\\\/regulus-waldholz.de\\\/\",\"name\":\"REGULUS\",\"description\":\"Offizielle Seite des REGULUS-Projekts\",\"publisher\":{\"@id\":\"https:\\\/\\\/regulus-waldholz.de\\\/#organization\"},\"potentialAction\":[{\"@type\":\"SearchAction\",\"target\":{\"@type\":\"EntryPoint\",\"urlTemplate\":\"https:\\\/\\\/regulus-waldholz.de\\\/?s={search_term_string}\"},\"query-input\":{\"@type\":\"PropertyValueSpecification\",\"valueRequired\":true,\"valueName\":\"search_term_string\"}}],\"inLanguage\":\"en-GB\"},{\"@type\":\"Organization\",\"@id\":\"https:\\\/\\\/regulus-waldholz.de\\\/#organization\",\"name\":\"REGULUS\",\"url\":\"https:\\\/\\\/regulus-waldholz.de\\\/\",\"logo\":{\"@type\":\"ImageObject\",\"inLanguage\":\"en-GB\",\"@id\":\"https:\\\/\\\/regulus-waldholz.de\\\/#\\\/schema\\\/logo\\\/image\\\/\",\"url\":\"\",\"contentUrl\":\"\",\"caption\":\"REGULUS\"},\"image\":{\"@id\":\"https:\\\/\\\/regulus-waldholz.de\\\/#\\\/schema\\\/logo\\\/image\\\/\"}}]}<\/script>\n<!-- \/ Yoast SEO plugin. -->","yoast_head_json":{"title":"Datenschutz | REGULUS","description":"Datenschutzinformationen der REGULUS-Website","robots":{"index":"index","follow":"follow","max-snippet":"max-snippet:-1","max-image-preview":"max-image-preview:large","max-video-preview":"max-video-preview:-1"},"canonical":"https:\/\/regulus-waldholz.de\/en\/datenschutz\/","og_locale":"en_GB","og_type":"article","og_title":"Datenschutz | REGULUS","og_description":"Datenschutzinformationen der REGULUS-Website","og_url":"https:\/\/regulus-waldholz.de\/en\/datenschutz\/","og_site_name":"REGULUS","article_modified_time":"2026-04-06T19:20:56+00:00","twitter_card":"summary_large_image","twitter_misc":{"Estimated reading time":"6 minutes"},"schema":{"@context":"https:\/\/schema.org","@graph":[{"@type":"WebPage","@id":"https:\/\/regulus-waldholz.de\/datenschutz\/","url":"https:\/\/regulus-waldholz.de\/datenschutz\/","name":"Datenschutz | REGULUS","isPartOf":{"@id":"https:\/\/regulus-waldholz.de\/#website"},"datePublished":"2023-10-27T18:34:42+00:00","dateModified":"2026-04-06T19:20:56+00:00","description":"Datenschutzinformationen der REGULUS-Website","breadcrumb":{"@id":"https:\/\/regulus-waldholz.de\/datenschutz\/#breadcrumb"},"inLanguage":"en-GB","potentialAction":[{"@type":"ReadAction","target":["https:\/\/regulus-waldholz.de\/datenschutz\/"]}]},{"@type":"BreadcrumbList","@id":"https:\/\/regulus-waldholz.de\/datenschutz\/#breadcrumb","itemListElement":[{"@type":"ListItem","position":1,"name":"Startseite","item":"https:\/\/regulus-waldholz.de\/"},{"@type":"ListItem","position":2,"name":"Datenschutz"}]},{"@type":"WebSite","@id":"https:\/\/regulus-waldholz.de\/#website","url":"https:\/\/regulus-waldholz.de\/","name":"REGULUS","description":"Offizielle Seite des REGULUS-Projekts","publisher":{"@id":"https:\/\/regulus-waldholz.de\/#organization"},"potentialAction":[{"@type":"SearchAction","target":{"@type":"EntryPoint","urlTemplate":"https:\/\/regulus-waldholz.de\/?s={search_term_string}"},"query-input":{"@type":"PropertyValueSpecification","valueRequired":true,"valueName":"search_term_string"}}],"inLanguage":"en-GB"},{"@type":"Organization","@id":"https:\/\/regulus-waldholz.de\/#organization","name":"REGULUS","url":"https:\/\/regulus-waldholz.de\/","logo":{"@type":"ImageObject","inLanguage":"en-GB","@id":"https:\/\/regulus-waldholz.de\/#\/schema\/logo\/image\/","url":"","contentUrl":"","caption":"REGULUS"},"image":{"@id":"https:\/\/regulus-waldholz.de\/#\/schema\/logo\/image\/"}}]}},"brizy_media":[],"_links":{"self":[{"href":"https:\/\/regulus-waldholz.de\/en\/wp-json\/wp\/v2\/pages\/3592","targetHints":{"allow":["GET"]}}],"collection":[{"href":"https:\/\/regulus-waldholz.de\/en\/wp-json\/wp\/v2\/pages"}],"about":[{"href":"https:\/\/regulus-waldholz.de\/en\/wp-json\/wp\/v2\/types\/page"}],"author":[{"embeddable":true,"href":"https:\/\/regulus-waldholz.de\/en\/wp-json\/wp\/v2\/users\/2"}],"replies":[{"embeddable":true,"href":"https:\/\/regulus-waldholz.de\/en\/wp-json\/wp\/v2\/comments?post=3592"}],"version-history":[{"count":0,"href":"https:\/\/regulus-waldholz.de\/en\/wp-json\/wp\/v2\/pages\/3592\/revisions"}],"wp:attachment":[{"href":"https:\/\/regulus-waldholz.de\/en\/wp-json\/wp\/v2\/media?parent=3592"}],"curies":[{"name":"wp","href":"https:\/\/api.w.org\/{rel}","templated":true}]}}